{"id":3910,"date":"2021-07-28T13:44:57","date_gmt":"2021-07-28T11:44:57","guid":{"rendered":"https:\/\/blumenwerk-rm.ch\/?page_id=3910"},"modified":"2025-05-31T10:36:26","modified_gmt":"2025-05-31T08:36:26","slug":"haggenegg-laedeli","status":"publish","type":"page","link":"https:\/\/blumenwerk-rm.ch\/?page_id=3910","title":{"rendered":"Haggenegg-L\u00e4deli"},"content":{"rendered":"<div class=\"fusion-fullwidth fullwidth-box fusion-builder-row-1 fusion-flex-container nonhundred-percent-fullwidth non-hundred-percent-height-scrolling\" style=\"--awb-border-radius-top-left:0px;--awb-border-radius-top-right:0px;--awb-border-radius-bottom-right:0px;--awb-border-radius-bottom-left:0px;--awb-flex-wrap:wrap;\" ><div class=\"fusion-builder-row fusion-row fusion-flex-align-items-flex-start fusion-flex-content-wrap\" style=\"max-width:1144px;margin-left: calc(-4% \/ 2 );margin-right: calc(-4% \/ 2 );\"><div class=\"fusion-layout-column fusion_builder_column fusion-builder-column-0 fusion_builder_column_1_2 1_2 fusion-flex-column fusion-flex-align-self-center\" style=\"--awb-bg-size:cover;--awb-width-large:50%;--awb-margin-top-large:0px;--awb-spacing-right-large:3.84%;--awb-margin-bottom-large:20px;--awb-spacing-left-large:3.84%;--awb-width-medium:50%;--awb-order-medium:0;--awb-spacing-right-medium:3.84%;--awb-spacing-left-medium:3.84%;--awb-width-small:100%;--awb-order-small:0;--awb-spacing-right-small:1.92%;--awb-spacing-left-small:1.92%;\"><div class=\"fusion-column-wrapper fusion-column-has-shadow fusion-flex-justify-content-center fusion-content-layout-column\"><div class=\"fusion-text fusion-text-1\"><h1 style=\"text-align: center;\">Haggenegg L\u00e4deli<\/h1>\n<\/div><div class=\"fusion-separator fusion-full-width-sep\" style=\"align-self: center;margin-left: auto;margin-right: auto;margin-bottom:50px;width:100%;\"><\/div><div class=\"fusion-text fusion-text-2\"><p style=\"text-align: center;\">S`Haggenegg L\u00e4d\u00e4li liegt 1400 m.\u00fc.M. auf dem Bauernhof von Felix und Petra Tsch\u00fcmperlin. Neben vielen K\u00f6stlichkeiten wie zum Beispiel K\u00e4se, saisonaler Konfi, Wandersnacks, Joghurt etc. d\u00fcrfen wir unsere \u2018Blumen Werke\u2019 ausstellen. Ein Besuch lohnt sich, lass dich inspirieren.<\/p>\n<\/div><\/div><\/div><div class=\"fusion-layout-column fusion_builder_column fusion-builder-column-1 fusion_builder_column_1_2 1_2 fusion-flex-column\" style=\"--awb-bg-size:cover;--awb-width-large:50%;--awb-margin-top-large:0px;--awb-spacing-right-large:3.84%;--awb-margin-bottom-large:20px;--awb-spacing-left-large:3.84%;--awb-width-medium:50%;--awb-order-medium:0;--awb-spacing-right-medium:3.84%;--awb-spacing-left-medium:3.84%;--awb-width-small:100%;--awb-order-small:0;--awb-spacing-right-small:1.92%;--awb-spacing-left-small:1.92%;\"><div class=\"fusion-column-wrapper fusion-column-has-shadow fusion-flex-justify-content-flex-start fusion-content-layout-column\"><div class=\"fusion-image-carousel fusion-image-carousel-auto fusion-image-carousel-1 fusion-carousel-border\"><div class=\"awb-carousel awb-swiper awb-swiper-carousel awb-swiper-dots-position-bottom awb-carousel--carousel\" data-layout=\"carousel\" data-autoplay=\"no\" data-autoplayspeed=\"2500\" data-autoplaypause=\"no\" data-columns=\"1\" data-itemmargin=\"13\" data-itemwidth=\"180\" data-touchscroll=\"no\" data-freemode=\"no\" data-imagesize=\"auto\" data-scrollitems=\"0\" data-centeredslides=\"no\" data-rotationangle=\"50\" data-depth=\"100\" data-speed=\"500\" data-shadow=\"no\" style=\"--awb-columns:1;--awb-border-width:1px;--awb-border-color:#e9eaee;\"><div class=\"swiper-wrapper awb-image-carousel-wrapper fusion-flex-align-items-center\"><div class=\"swiper-slide\"><div class=\"fusion-carousel-item-wrapper\"><div class=\"fusion-image-wrapper hover-type-none\"><img decoding=\"async\" width=\"1919\" height=\"2560\" src=\"https:\/\/blumenwerk-rm.ch\/wp-content\/uploads\/2021\/07\/IMG_77041-scaled.jpeg\" class=\"attachment-full size-full lazyload\" alt=\"\" srcset=\"data:image\/svg+xml,%3Csvg%20xmlns%3D%27http%3A%2F%2Fwww.w3.org%2F2000%2Fsvg%27%20width%3D%271919%27%20height%3D%272560%27%20viewBox%3D%270%200%201919%202560%27%3E%3Crect%20width%3D%271919%27%20height%3D%272560%27%20fill-opacity%3D%220%22%2F%3E%3C%2Fsvg%3E\" data-orig-src=\"https:\/\/blumenwerk-rm.ch\/wp-content\/uploads\/2021\/07\/IMG_77041-scaled.jpeg\" data-srcset=\"https:\/\/blumenwerk-rm.ch\/wp-content\/uploads\/2021\/07\/IMG_77041-200x267.jpeg 200w, https:\/\/blumenwerk-rm.ch\/wp-content\/uploads\/2021\/07\/IMG_77041-225x300.jpeg 225w, https:\/\/blumenwerk-rm.ch\/wp-content\/uploads\/2021\/07\/IMG_77041-400x534.jpeg 400w, https:\/\/blumenwerk-rm.ch\/wp-content\/uploads\/2021\/07\/IMG_77041-600x800.jpeg 600w, https:\/\/blumenwerk-rm.ch\/wp-content\/uploads\/2021\/07\/IMG_77041-768x1024.jpeg 768w, https:\/\/blumenwerk-rm.ch\/wp-content\/uploads\/2021\/07\/IMG_77041-800x1067.jpeg 800w, https:\/\/blumenwerk-rm.ch\/wp-content\/uploads\/2021\/07\/IMG_77041-1152x1536.jpeg 1152w, https:\/\/blumenwerk-rm.ch\/wp-content\/uploads\/2021\/07\/IMG_77041-1200x1601.jpeg 1200w, https:\/\/blumenwerk-rm.ch\/wp-content\/uploads\/2021\/07\/IMG_77041-1535x2048.jpeg 1535w, https:\/\/blumenwerk-rm.ch\/wp-content\/uploads\/2021\/07\/IMG_77041-scaled.jpeg 1919w\" data-sizes=\"auto\" \/><\/div><\/div><\/div><div class=\"swiper-slide\"><div class=\"fusion-carousel-item-wrapper\"><div class=\"fusion-image-wrapper hover-type-none\"><img decoding=\"async\" width=\"1918\" height=\"2560\" src=\"https:\/\/blumenwerk-rm.ch\/wp-content\/uploads\/2021\/07\/IMG_77741-scaled.jpeg\" class=\"attachment-full size-full lazyload\" alt=\"\" srcset=\"data:image\/svg+xml,%3Csvg%20xmlns%3D%27http%3A%2F%2Fwww.w3.org%2F2000%2Fsvg%27%20width%3D%271918%27%20height%3D%272560%27%20viewBox%3D%270%200%201918%202560%27%3E%3Crect%20width%3D%271918%27%20height%3D%272560%27%20fill-opacity%3D%220%22%2F%3E%3C%2Fsvg%3E\" data-orig-src=\"https:\/\/blumenwerk-rm.ch\/wp-content\/uploads\/2021\/07\/IMG_77741-scaled.jpeg\" data-srcset=\"https:\/\/blumenwerk-rm.ch\/wp-content\/uploads\/2021\/07\/IMG_77741-200x267.jpeg 200w, https:\/\/blumenwerk-rm.ch\/wp-content\/uploads\/2021\/07\/IMG_77741-225x300.jpeg 225w, https:\/\/blumenwerk-rm.ch\/wp-content\/uploads\/2021\/07\/IMG_77741-400x534.jpeg 400w, https:\/\/blumenwerk-rm.ch\/wp-content\/uploads\/2021\/07\/IMG_77741-600x801.jpeg 600w, https:\/\/blumenwerk-rm.ch\/wp-content\/uploads\/2021\/07\/IMG_77741-767x1024.jpeg 767w, https:\/\/blumenwerk-rm.ch\/wp-content\/uploads\/2021\/07\/IMG_77741-768x1025.jpeg 768w, https:\/\/blumenwerk-rm.ch\/wp-content\/uploads\/2021\/07\/IMG_77741-800x1068.jpeg 800w, https:\/\/blumenwerk-rm.ch\/wp-content\/uploads\/2021\/07\/IMG_77741-1151x1536.jpeg 1151w, https:\/\/blumenwerk-rm.ch\/wp-content\/uploads\/2021\/07\/IMG_77741-1200x1601.jpeg 1200w, https:\/\/blumenwerk-rm.ch\/wp-content\/uploads\/2021\/07\/IMG_77741-1535x2048.jpeg 1535w, https:\/\/blumenwerk-rm.ch\/wp-content\/uploads\/2021\/07\/IMG_77741-scaled.jpeg 1918w\" data-sizes=\"auto\" \/><\/div><\/div><\/div><div class=\"swiper-slide\"><div class=\"fusion-carousel-item-wrapper\"><div class=\"fusion-image-wrapper hover-type-none\"><img decoding=\"async\" width=\"1919\" height=\"2560\" src=\"https:\/\/blumenwerk-rm.ch\/wp-content\/uploads\/2021\/07\/IMG_77091-scaled.jpeg\" class=\"attachment-full size-full lazyload\" alt=\"\" srcset=\"data:image\/svg+xml,%3Csvg%20xmlns%3D%27http%3A%2F%2Fwww.w3.org%2F2000%2Fsvg%27%20width%3D%271919%27%20height%3D%272560%27%20viewBox%3D%270%200%201919%202560%27%3E%3Crect%20width%3D%271919%27%20height%3D%272560%27%20fill-opacity%3D%220%22%2F%3E%3C%2Fsvg%3E\" data-orig-src=\"https:\/\/blumenwerk-rm.ch\/wp-content\/uploads\/2021\/07\/IMG_77091-scaled.jpeg\" data-srcset=\"https:\/\/blumenwerk-rm.ch\/wp-content\/uploads\/2021\/07\/IMG_77091-200x267.jpeg 200w, https:\/\/blumenwerk-rm.ch\/wp-content\/uploads\/2021\/07\/IMG_77091-225x300.jpeg 225w, https:\/\/blumenwerk-rm.ch\/wp-content\/uploads\/2021\/07\/IMG_77091-400x534.jpeg 400w, https:\/\/blumenwerk-rm.ch\/wp-content\/uploads\/2021\/07\/IMG_77091-600x800.jpeg 600w, https:\/\/blumenwerk-rm.ch\/wp-content\/uploads\/2021\/07\/IMG_77091-768x1024.jpeg 768w, https:\/\/blumenwerk-rm.ch\/wp-content\/uploads\/2021\/07\/IMG_77091-800x1067.jpeg 800w, https:\/\/blumenwerk-rm.ch\/wp-content\/uploads\/2021\/07\/IMG_77091-1152x1536.jpeg 1152w, https:\/\/blumenwerk-rm.ch\/wp-content\/uploads\/2021\/07\/IMG_77091-1200x1601.jpeg 1200w, https:\/\/blumenwerk-rm.ch\/wp-content\/uploads\/2021\/07\/IMG_77091-1535x2048.jpeg 1535w, https:\/\/blumenwerk-rm.ch\/wp-content\/uploads\/2021\/07\/IMG_77091-scaled.jpeg 1919w\" data-sizes=\"auto\" \/><\/div><\/div><\/div><div class=\"swiper-slide\"><div class=\"fusion-carousel-item-wrapper\"><div class=\"fusion-image-wrapper hover-type-none\"><img decoding=\"async\" width=\"1918\" height=\"2560\" src=\"https:\/\/blumenwerk-rm.ch\/wp-content\/uploads\/2021\/07\/IMG_77081-scaled.jpg\" class=\"attachment-full size-full lazyload\" alt=\"\" srcset=\"data:image\/svg+xml,%3Csvg%20xmlns%3D%27http%3A%2F%2Fwww.w3.org%2F2000%2Fsvg%27%20width%3D%271918%27%20height%3D%272560%27%20viewBox%3D%270%200%201918%202560%27%3E%3Crect%20width%3D%271918%27%20height%3D%272560%27%20fill-opacity%3D%220%22%2F%3E%3C%2Fsvg%3E\" data-orig-src=\"https:\/\/blumenwerk-rm.ch\/wp-content\/uploads\/2021\/07\/IMG_77081-scaled.jpg\" data-srcset=\"https:\/\/blumenwerk-rm.ch\/wp-content\/uploads\/2021\/07\/IMG_77081-200x267.jpg 200w, https:\/\/blumenwerk-rm.ch\/wp-content\/uploads\/2021\/07\/IMG_77081-225x300.jpg 225w, https:\/\/blumenwerk-rm.ch\/wp-content\/uploads\/2021\/07\/IMG_77081-400x534.jpg 400w, https:\/\/blumenwerk-rm.ch\/wp-content\/uploads\/2021\/07\/IMG_77081-600x801.jpg 600w, https:\/\/blumenwerk-rm.ch\/wp-content\/uploads\/2021\/07\/IMG_77081-767x1024.jpg 767w, https:\/\/blumenwerk-rm.ch\/wp-content\/uploads\/2021\/07\/IMG_77081-768x1025.jpg 768w, https:\/\/blumenwerk-rm.ch\/wp-content\/uploads\/2021\/07\/IMG_77081-800x1068.jpg 800w, https:\/\/blumenwerk-rm.ch\/wp-content\/uploads\/2021\/07\/IMG_77081-1151x1536.jpg 1151w, https:\/\/blumenwerk-rm.ch\/wp-content\/uploads\/2021\/07\/IMG_77081-1200x1601.jpg 1200w, https:\/\/blumenwerk-rm.ch\/wp-content\/uploads\/2021\/07\/IMG_77081-1535x2048.jpg 1535w, https:\/\/blumenwerk-rm.ch\/wp-content\/uploads\/2021\/07\/IMG_77081-scaled.jpg 1918w\" data-sizes=\"auto\" \/><\/div><\/div><\/div><div class=\"swiper-slide\"><div class=\"fusion-carousel-item-wrapper\"><div class=\"fusion-image-wrapper hover-type-none\"><img decoding=\"async\" width=\"1918\" height=\"2560\" src=\"https:\/\/blumenwerk-rm.ch\/wp-content\/uploads\/2021\/07\/IMG_77061-scaled.jpeg\" class=\"attachment-full size-full lazyload\" alt=\"\" srcset=\"data:image\/svg+xml,%3Csvg%20xmlns%3D%27http%3A%2F%2Fwww.w3.org%2F2000%2Fsvg%27%20width%3D%271918%27%20height%3D%272560%27%20viewBox%3D%270%200%201918%202560%27%3E%3Crect%20width%3D%271918%27%20height%3D%272560%27%20fill-opacity%3D%220%22%2F%3E%3C%2Fsvg%3E\" data-orig-src=\"https:\/\/blumenwerk-rm.ch\/wp-content\/uploads\/2021\/07\/IMG_77061-scaled.jpeg\" data-srcset=\"https:\/\/blumenwerk-rm.ch\/wp-content\/uploads\/2021\/07\/IMG_77061-200x267.jpeg 200w, https:\/\/blumenwerk-rm.ch\/wp-content\/uploads\/2021\/07\/IMG_77061-225x300.jpeg 225w, https:\/\/blumenwerk-rm.ch\/wp-content\/uploads\/2021\/07\/IMG_77061-400x534.jpeg 400w, https:\/\/blumenwerk-rm.ch\/wp-content\/uploads\/2021\/07\/IMG_77061-600x801.jpeg 600w, https:\/\/blumenwerk-rm.ch\/wp-content\/uploads\/2021\/07\/IMG_77061-767x1024.jpeg 767w, https:\/\/blumenwerk-rm.ch\/wp-content\/uploads\/2021\/07\/IMG_77061-768x1025.jpeg 768w, https:\/\/blumenwerk-rm.ch\/wp-content\/uploads\/2021\/07\/IMG_77061-800x1068.jpeg 800w, https:\/\/blumenwerk-rm.ch\/wp-content\/uploads\/2021\/07\/IMG_77061-1151x1536.jpeg 1151w, https:\/\/blumenwerk-rm.ch\/wp-content\/uploads\/2021\/07\/IMG_77061-1200x1601.jpeg 1200w, https:\/\/blumenwerk-rm.ch\/wp-content\/uploads\/2021\/07\/IMG_77061-1535x2048.jpeg 1535w, https:\/\/blumenwerk-rm.ch\/wp-content\/uploads\/2021\/07\/IMG_77061-scaled.jpeg 1918w\" data-sizes=\"auto\" \/><\/div><\/div><\/div><div class=\"swiper-slide\"><div class=\"fusion-carousel-item-wrapper\"><div class=\"fusion-image-wrapper hover-type-none\"><img decoding=\"async\" width=\"1919\" height=\"2560\" src=\"https:\/\/blumenwerk-rm.ch\/wp-content\/uploads\/2021\/07\/IMG_77031-scaled.jpeg\" class=\"attachment-full size-full lazyload\" alt=\"\" srcset=\"data:image\/svg+xml,%3Csvg%20xmlns%3D%27http%3A%2F%2Fwww.w3.org%2F2000%2Fsvg%27%20width%3D%271919%27%20height%3D%272560%27%20viewBox%3D%270%200%201919%202560%27%3E%3Crect%20width%3D%271919%27%20height%3D%272560%27%20fill-opacity%3D%220%22%2F%3E%3C%2Fsvg%3E\" data-orig-src=\"https:\/\/blumenwerk-rm.ch\/wp-content\/uploads\/2021\/07\/IMG_77031-scaled.jpeg\" data-srcset=\"https:\/\/blumenwerk-rm.ch\/wp-content\/uploads\/2021\/07\/IMG_77031-200x267.jpeg 200w, https:\/\/blumenwerk-rm.ch\/wp-content\/uploads\/2021\/07\/IMG_77031-225x300.jpeg 225w, https:\/\/blumenwerk-rm.ch\/wp-content\/uploads\/2021\/07\/IMG_77031-400x534.jpeg 400w, https:\/\/blumenwerk-rm.ch\/wp-content\/uploads\/2021\/07\/IMG_77031-600x800.jpeg 600w, https:\/\/blumenwerk-rm.ch\/wp-content\/uploads\/2021\/07\/IMG_77031-768x1024.jpeg 768w, https:\/\/blumenwerk-rm.ch\/wp-content\/uploads\/2021\/07\/IMG_77031-800x1067.jpeg 800w, https:\/\/blumenwerk-rm.ch\/wp-content\/uploads\/2021\/07\/IMG_77031-1152x1536.jpeg 1152w, https:\/\/blumenwerk-rm.ch\/wp-content\/uploads\/2021\/07\/IMG_77031-1200x1601.jpeg 1200w, https:\/\/blumenwerk-rm.ch\/wp-content\/uploads\/2021\/07\/IMG_77031-1535x2048.jpeg 1535w, https:\/\/blumenwerk-rm.ch\/wp-content\/uploads\/2021\/07\/IMG_77031-scaled.jpeg 1919w\" data-sizes=\"auto\" \/><\/div><\/div><\/div><div class=\"swiper-slide\"><div class=\"fusion-carousel-item-wrapper\"><div class=\"fusion-image-wrapper hover-type-none\"><img decoding=\"async\" width=\"1918\" height=\"2560\" src=\"https:\/\/blumenwerk-rm.ch\/wp-content\/uploads\/2021\/07\/IMG_77001-scaled.jpeg\" class=\"attachment-full size-full lazyload\" alt=\"\" srcset=\"data:image\/svg+xml,%3Csvg%20xmlns%3D%27http%3A%2F%2Fwww.w3.org%2F2000%2Fsvg%27%20width%3D%271918%27%20height%3D%272560%27%20viewBox%3D%270%200%201918%202560%27%3E%3Crect%20width%3D%271918%27%20height%3D%272560%27%20fill-opacity%3D%220%22%2F%3E%3C%2Fsvg%3E\" data-orig-src=\"https:\/\/blumenwerk-rm.ch\/wp-content\/uploads\/2021\/07\/IMG_77001-scaled.jpeg\" data-srcset=\"https:\/\/blumenwerk-rm.ch\/wp-content\/uploads\/2021\/07\/IMG_77001-200x267.jpeg 200w, https:\/\/blumenwerk-rm.ch\/wp-content\/uploads\/2021\/07\/IMG_77001-225x300.jpeg 225w, https:\/\/blumenwerk-rm.ch\/wp-content\/uploads\/2021\/07\/IMG_77001-400x534.jpeg 400w, https:\/\/blumenwerk-rm.ch\/wp-content\/uploads\/2021\/07\/IMG_77001-600x801.jpeg 600w, https:\/\/blumenwerk-rm.ch\/wp-content\/uploads\/2021\/07\/IMG_77001-767x1024.jpeg 767w, https:\/\/blumenwerk-rm.ch\/wp-content\/uploads\/2021\/07\/IMG_77001-768x1025.jpeg 768w, https:\/\/blumenwerk-rm.ch\/wp-content\/uploads\/2021\/07\/IMG_77001-800x1068.jpeg 800w, https:\/\/blumenwerk-rm.ch\/wp-content\/uploads\/2021\/07\/IMG_77001-1151x1536.jpeg 1151w, https:\/\/blumenwerk-rm.ch\/wp-content\/uploads\/2021\/07\/IMG_77001-1200x1601.jpeg 1200w, https:\/\/blumenwerk-rm.ch\/wp-content\/uploads\/2021\/07\/IMG_77001-1535x2048.jpeg 1535w, https:\/\/blumenwerk-rm.ch\/wp-content\/uploads\/2021\/07\/IMG_77001-scaled.jpeg 1918w\" data-sizes=\"auto\" \/><\/div><\/div><\/div><div class=\"swiper-slide\"><div class=\"fusion-carousel-item-wrapper\"><div class=\"fusion-image-wrapper hover-type-none\"><img decoding=\"async\" width=\"1927\" height=\"2560\" src=\"https:\/\/blumenwerk-rm.ch\/wp-content\/uploads\/2021\/07\/IMG_77141-1-scaled.jpeg\" class=\"attachment-full size-full lazyload\" alt=\"\" srcset=\"data:image\/svg+xml,%3Csvg%20xmlns%3D%27http%3A%2F%2Fwww.w3.org%2F2000%2Fsvg%27%20width%3D%271927%27%20height%3D%272560%27%20viewBox%3D%270%200%201927%202560%27%3E%3Crect%20width%3D%271927%27%20height%3D%272560%27%20fill-opacity%3D%220%22%2F%3E%3C%2Fsvg%3E\" data-orig-src=\"https:\/\/blumenwerk-rm.ch\/wp-content\/uploads\/2021\/07\/IMG_77141-1-scaled.jpeg\" data-srcset=\"https:\/\/blumenwerk-rm.ch\/wp-content\/uploads\/2021\/07\/IMG_77141-1-200x266.jpeg 200w, https:\/\/blumenwerk-rm.ch\/wp-content\/uploads\/2021\/07\/IMG_77141-1-226x300.jpeg 226w, https:\/\/blumenwerk-rm.ch\/wp-content\/uploads\/2021\/07\/IMG_77141-1-400x531.jpeg 400w, https:\/\/blumenwerk-rm.ch\/wp-content\/uploads\/2021\/07\/IMG_77141-1-600x797.jpeg 600w, https:\/\/blumenwerk-rm.ch\/wp-content\/uploads\/2021\/07\/IMG_77141-1-768x1020.jpeg 768w, https:\/\/blumenwerk-rm.ch\/wp-content\/uploads\/2021\/07\/IMG_77141-1-771x1024.jpeg 771w, https:\/\/blumenwerk-rm.ch\/wp-content\/uploads\/2021\/07\/IMG_77141-1-800x1063.jpeg 800w, https:\/\/blumenwerk-rm.ch\/wp-content\/uploads\/2021\/07\/IMG_77141-1-1156x1536.jpeg 1156w, https:\/\/blumenwerk-rm.ch\/wp-content\/uploads\/2021\/07\/IMG_77141-1-1200x1594.jpeg 1200w, https:\/\/blumenwerk-rm.ch\/wp-content\/uploads\/2021\/07\/IMG_77141-1-1541x2048.jpeg 1541w, https:\/\/blumenwerk-rm.ch\/wp-content\/uploads\/2021\/07\/IMG_77141-1-scaled.jpeg 1927w\" data-sizes=\"auto\" \/><\/div><\/div><\/div><\/div><div class=\"awb-swiper-button awb-swiper-button-prev\"><i class=\"awb-icon-angle-left\" aria-hidden=\"true\"><\/i><\/div><div class=\"awb-swiper-button awb-swiper-button-next\"><i class=\"awb-icon-angle-right\" aria-hidden=\"true\"><\/i><\/div><\/div><\/div><\/div><\/div><div class=\"fusion-layout-column fusion_builder_column fusion-builder-column-2 fusion_builder_column_1_1 1_1 fusion-flex-column\" style=\"--awb-bg-size:cover;--awb-width-large:100%;--awb-margin-top-large:0px;--awb-spacing-right-large:1.92%;--awb-margin-bottom-large:20px;--awb-spacing-left-large:1.92%;--awb-width-medium:100%;--awb-order-medium:0;--awb-spacing-right-medium:1.92%;--awb-spacing-left-medium:1.92%;--awb-width-small:100%;--awb-order-small:0;--awb-spacing-right-small:1.92%;--awb-spacing-left-small:1.92%;\"><div class=\"fusion-column-wrapper fusion-column-has-shadow fusion-flex-justify-content-flex-start fusion-content-layout-column\"><div class=\"fusion-separator fusion-full-width-sep\" style=\"align-self: center;margin-left: auto;margin-right: auto;margin-bottom:20px;width:100%;\"><\/div><\/div><\/div><\/div><\/div>\n","protected":false},"excerpt":{"rendered":"","protected":false},"author":2,"featured_media":0,"parent":2612,"menu_order":9,"comment_status":"closed","ping_status":"closed","template":"","meta":{"footnotes":""},"class_list":["post-3910","page","type-page","status-publish","hentry"],"_links":{"self":[{"href":"https:\/\/blumenwerk-rm.ch\/index.php?rest_route=\/wp\/v2\/pages\/3910","targetHints":{"allow":["GET"]}}],"collection":[{"href":"https:\/\/blumenwerk-rm.ch\/index.php?rest_route=\/wp\/v2\/pages"}],"about":[{"href":"https:\/\/blumenwerk-rm.ch\/index.php?rest_route=\/wp\/v2\/types\/page"}],"author":[{"embeddable":true,"href":"https:\/\/blumenwerk-rm.ch\/index.php?rest_route=\/wp\/v2\/users\/2"}],"replies":[{"embeddable":true,"href":"https:\/\/blumenwerk-rm.ch\/index.php?rest_route=%2Fwp%2Fv2%2Fcomments&post=3910"}],"version-history":[{"count":29,"href":"https:\/\/blumenwerk-rm.ch\/index.php?rest_route=\/wp\/v2\/pages\/3910\/revisions"}],"predecessor-version":[{"id":4338,"href":"https:\/\/blumenwerk-rm.ch\/index.php?rest_route=\/wp\/v2\/pages\/3910\/revisions\/4338"}],"up":[{"embeddable":true,"href":"https:\/\/blumenwerk-rm.ch\/index.php?rest_route=\/wp\/v2\/pages\/2612"}],"wp:attachment":[{"href":"https:\/\/blumenwerk-rm.ch\/index.php?rest_route=%2Fwp%2Fv2%2Fmedia&parent=3910"}],"curies":[{"name":"wp","href":"https:\/\/api.w.org\/{rel}","templated":true}]}}