{"id":3620,"date":"2021-07-26T10:47:51","date_gmt":"2021-07-26T08:47:51","guid":{"rendered":"https:\/\/blumenwerk-rm.ch\/?page_id=3620"},"modified":"2021-12-30T14:09:45","modified_gmt":"2021-12-30T12:09:45","slug":"hochzeit","status":"publish","type":"page","link":"https:\/\/blumenwerk-rm.ch\/?page_id=3620","title":{"rendered":"Hochzeit"},"content":{"rendered":"<div class=\"fusion-fullwidth fullwidth-box fusion-builder-row-1 fusion-flex-container nonhundred-percent-fullwidth non-hundred-percent-height-scrolling\" style=\"--awb-border-radius-top-left:0px;--awb-border-radius-top-right:0px;--awb-border-radius-bottom-right:0px;--awb-border-radius-bottom-left:0px;--awb-flex-wrap:wrap;\" ><div class=\"fusion-builder-row fusion-row fusion-flex-align-items-flex-start fusion-flex-content-wrap\" style=\"max-width:1144px;margin-left: calc(-4% \/ 2 );margin-right: calc(-4% \/ 2 );\"><div class=\"fusion-layout-column fusion_builder_column fusion-builder-column-0 fusion_builder_column_1_2 1_2 fusion-flex-column\" style=\"--awb-bg-size:cover;--awb-width-large:50%;--awb-margin-top-large:0px;--awb-spacing-right-large:3.84%;--awb-margin-bottom-large:20px;--awb-spacing-left-large:3.84%;--awb-width-medium:50%;--awb-order-medium:0;--awb-spacing-right-medium:3.84%;--awb-spacing-left-medium:3.84%;--awb-width-small:100%;--awb-order-small:0;--awb-spacing-right-small:1.92%;--awb-spacing-left-small:1.92%;\"><div class=\"fusion-column-wrapper fusion-column-has-shadow fusion-flex-justify-content-flex-start fusion-content-layout-column\"><div class=\"fusion-text fusion-text-1\"><h1 style=\"text-align: center;\">Hochzeit<\/h1>\n<\/div><div class=\"fusion-separator fusion-full-width-sep\" style=\"align-self: center;margin-left: auto;margin-right: auto;margin-bottom:30px;width:100%;\"><\/div><div class=\"fusion-text fusion-text-2\"><p style=\"text-align: center;\">Den sch\u00f6nsten Tag mit Blumen zu umrahmen geh\u00f6rt zu unseren Aufgaben. Mit viel Liebe zum Detail gestalten wir deinen Blumenschmuck. Vom Brautstrauss, Haarkr\u00e4nzli \u00fcber den Kirchenschmuck bis zur Tischdekoration und Raumschmuck beraten wir dich gerne und gestalten alles ganz nach deinen W\u00fcnschen.<\/p>\n<\/div><\/div><\/div><div class=\"fusion-layout-column fusion_builder_column fusion-builder-column-1 fusion_builder_column_1_2 1_2 fusion-flex-column fusion-flex-align-self-center\" style=\"--awb-bg-size:cover;--awb-width-large:50%;--awb-margin-top-large:0px;--awb-spacing-right-large:3.84%;--awb-margin-bottom-large:20px;--awb-spacing-left-large:3.84%;--awb-width-medium:50%;--awb-order-medium:0;--awb-spacing-right-medium:3.84%;--awb-spacing-left-medium:3.84%;--awb-width-small:100%;--awb-order-small:0;--awb-spacing-right-small:1.92%;--awb-spacing-left-small:1.92%;\"><div class=\"fusion-column-wrapper fusion-column-has-shadow fusion-flex-justify-content-center fusion-content-layout-column\"><div class=\"fusion-separator fusion-full-width-sep\" style=\"align-self: center;margin-left: auto;margin-right: auto;margin-bottom:80px;width:100%;\"><\/div><div class=\"fusion-image-carousel fusion-image-carousel-auto fusion-image-carousel-1 lightbox-enabled fusion-carousel-border\"><div class=\"awb-carousel awb-swiper awb-swiper-carousel awb-swiper-dots-position-bottom awb-carousel--carousel\" data-layout=\"carousel\" data-autoplay=\"no\" data-autoplayspeed=\"2500\" data-autoplaypause=\"no\" data-columns=\"1\" data-itemmargin=\"13\" data-itemwidth=\"180\" data-touchscroll=\"no\" data-freemode=\"no\" data-imagesize=\"auto\" data-scrollitems=\"0\" data-centeredslides=\"no\" data-rotationangle=\"50\" data-depth=\"100\" data-speed=\"500\" data-shadow=\"no\" style=\"--awb-columns:1;--awb-border-width:1px;--awb-border-color:#e9eaee;\"><div class=\"swiper-wrapper awb-image-carousel-wrapper fusion-flex-align-items-center\"><div class=\"swiper-slide\"><div class=\"fusion-carousel-item-wrapper\"><div class=\"fusion-image-wrapper hover-type-none\"><a data-rel=\"iLightbox[image_carousel_1]\" data-title=\"2. Variante startseite hochzeit\" aria-label=\"2. Variante startseite hochzeit\" href=\"https:\/\/blumenwerk-rm.ch\/wp-content\/uploads\/2021\/07\/2.-Variante-startseite-hochzeit-1-scaled.jpg\" target=\"_self\"><img decoding=\"async\" width=\"2560\" height=\"1703\" src=\"https:\/\/blumenwerk-rm.ch\/wp-content\/uploads\/2021\/07\/2.-Variante-startseite-hochzeit-1-scaled.jpg\" class=\"attachment-full size-full lazyload\" alt=\"\" srcset=\"data:image\/svg+xml,%3Csvg%20xmlns%3D%27http%3A%2F%2Fwww.w3.org%2F2000%2Fsvg%27%20width%3D%272560%27%20height%3D%271703%27%20viewBox%3D%270%200%202560%201703%27%3E%3Crect%20width%3D%272560%27%20height%3D%271703%27%20fill-opacity%3D%220%22%2F%3E%3C%2Fsvg%3E\" data-orig-src=\"https:\/\/blumenwerk-rm.ch\/wp-content\/uploads\/2021\/07\/2.-Variante-startseite-hochzeit-1-scaled.jpg\" data-srcset=\"https:\/\/blumenwerk-rm.ch\/wp-content\/uploads\/2021\/07\/2.-Variante-startseite-hochzeit-1-200x133.jpg 200w, https:\/\/blumenwerk-rm.ch\/wp-content\/uploads\/2021\/07\/2.-Variante-startseite-hochzeit-1-300x200.jpg 300w, https:\/\/blumenwerk-rm.ch\/wp-content\/uploads\/2021\/07\/2.-Variante-startseite-hochzeit-1-400x266.jpg 400w, https:\/\/blumenwerk-rm.ch\/wp-content\/uploads\/2021\/07\/2.-Variante-startseite-hochzeit-1-600x399.jpg 600w, https:\/\/blumenwerk-rm.ch\/wp-content\/uploads\/2021\/07\/2.-Variante-startseite-hochzeit-1-768x511.jpg 768w, https:\/\/blumenwerk-rm.ch\/wp-content\/uploads\/2021\/07\/2.-Variante-startseite-hochzeit-1-800x532.jpg 800w, https:\/\/blumenwerk-rm.ch\/wp-content\/uploads\/2021\/07\/2.-Variante-startseite-hochzeit-1-1024x681.jpg 1024w, https:\/\/blumenwerk-rm.ch\/wp-content\/uploads\/2021\/07\/2.-Variante-startseite-hochzeit-1-1200x798.jpg 1200w, https:\/\/blumenwerk-rm.ch\/wp-content\/uploads\/2021\/07\/2.-Variante-startseite-hochzeit-1-1536x1022.jpg 1536w, https:\/\/blumenwerk-rm.ch\/wp-content\/uploads\/2021\/07\/2.-Variante-startseite-hochzeit-1-scaled.jpg 2560w\" data-sizes=\"auto\" \/><\/a><\/div><\/div><\/div><div class=\"swiper-slide\"><div class=\"fusion-carousel-item-wrapper\"><div class=\"fusion-image-wrapper hover-type-none\"><a data-rel=\"iLightbox[image_carousel_1]\" data-title=\"in ordner hochzeit (2)\" aria-label=\"in ordner hochzeit (2)\" href=\"https:\/\/blumenwerk-rm.ch\/wp-content\/uploads\/2021\/07\/in-ordner-hochzeit-2-1-scaled.jpg\" target=\"_self\"><img decoding=\"async\" width=\"2560\" height=\"1703\" src=\"https:\/\/blumenwerk-rm.ch\/wp-content\/uploads\/2021\/07\/in-ordner-hochzeit-2-1-scaled.jpg\" class=\"attachment-full size-full lazyload\" alt=\"\" srcset=\"data:image\/svg+xml,%3Csvg%20xmlns%3D%27http%3A%2F%2Fwww.w3.org%2F2000%2Fsvg%27%20width%3D%272560%27%20height%3D%271703%27%20viewBox%3D%270%200%202560%201703%27%3E%3Crect%20width%3D%272560%27%20height%3D%271703%27%20fill-opacity%3D%220%22%2F%3E%3C%2Fsvg%3E\" data-orig-src=\"https:\/\/blumenwerk-rm.ch\/wp-content\/uploads\/2021\/07\/in-ordner-hochzeit-2-1-scaled.jpg\" data-srcset=\"https:\/\/blumenwerk-rm.ch\/wp-content\/uploads\/2021\/07\/in-ordner-hochzeit-2-1-200x133.jpg 200w, https:\/\/blumenwerk-rm.ch\/wp-content\/uploads\/2021\/07\/in-ordner-hochzeit-2-1-300x200.jpg 300w, https:\/\/blumenwerk-rm.ch\/wp-content\/uploads\/2021\/07\/in-ordner-hochzeit-2-1-400x266.jpg 400w, https:\/\/blumenwerk-rm.ch\/wp-content\/uploads\/2021\/07\/in-ordner-hochzeit-2-1-600x399.jpg 600w, https:\/\/blumenwerk-rm.ch\/wp-content\/uploads\/2021\/07\/in-ordner-hochzeit-2-1-768x511.jpg 768w, https:\/\/blumenwerk-rm.ch\/wp-content\/uploads\/2021\/07\/in-ordner-hochzeit-2-1-800x532.jpg 800w, https:\/\/blumenwerk-rm.ch\/wp-content\/uploads\/2021\/07\/in-ordner-hochzeit-2-1-1024x681.jpg 1024w, https:\/\/blumenwerk-rm.ch\/wp-content\/uploads\/2021\/07\/in-ordner-hochzeit-2-1-1200x798.jpg 1200w, https:\/\/blumenwerk-rm.ch\/wp-content\/uploads\/2021\/07\/in-ordner-hochzeit-2-1-1536x1022.jpg 1536w, https:\/\/blumenwerk-rm.ch\/wp-content\/uploads\/2021\/07\/in-ordner-hochzeit-2-1-scaled.jpg 2560w\" data-sizes=\"auto\" \/><\/a><\/div><\/div><\/div><div class=\"swiper-slide\"><div class=\"fusion-carousel-item-wrapper\"><div class=\"fusion-image-wrapper hover-type-none\"><a data-rel=\"iLightbox[image_carousel_1]\" data-title=\"in ordner hochzeit\" aria-label=\"in ordner hochzeit\" href=\"https:\/\/blumenwerk-rm.ch\/wp-content\/uploads\/2021\/07\/in-ordner-hochzeit-1-scaled.jpg\" target=\"_self\"><img decoding=\"async\" width=\"2560\" height=\"1703\" src=\"https:\/\/blumenwerk-rm.ch\/wp-content\/uploads\/2021\/07\/in-ordner-hochzeit-1-scaled.jpg\" class=\"attachment-full size-full lazyload\" alt=\"\" srcset=\"data:image\/svg+xml,%3Csvg%20xmlns%3D%27http%3A%2F%2Fwww.w3.org%2F2000%2Fsvg%27%20width%3D%272560%27%20height%3D%271703%27%20viewBox%3D%270%200%202560%201703%27%3E%3Crect%20width%3D%272560%27%20height%3D%271703%27%20fill-opacity%3D%220%22%2F%3E%3C%2Fsvg%3E\" data-orig-src=\"https:\/\/blumenwerk-rm.ch\/wp-content\/uploads\/2021\/07\/in-ordner-hochzeit-1-scaled.jpg\" data-srcset=\"https:\/\/blumenwerk-rm.ch\/wp-content\/uploads\/2021\/07\/in-ordner-hochzeit-1-200x133.jpg 200w, https:\/\/blumenwerk-rm.ch\/wp-content\/uploads\/2021\/07\/in-ordner-hochzeit-1-300x200.jpg 300w, https:\/\/blumenwerk-rm.ch\/wp-content\/uploads\/2021\/07\/in-ordner-hochzeit-1-400x266.jpg 400w, https:\/\/blumenwerk-rm.ch\/wp-content\/uploads\/2021\/07\/in-ordner-hochzeit-1-600x399.jpg 600w, https:\/\/blumenwerk-rm.ch\/wp-content\/uploads\/2021\/07\/in-ordner-hochzeit-1-768x511.jpg 768w, https:\/\/blumenwerk-rm.ch\/wp-content\/uploads\/2021\/07\/in-ordner-hochzeit-1-800x532.jpg 800w, https:\/\/blumenwerk-rm.ch\/wp-content\/uploads\/2021\/07\/in-ordner-hochzeit-1-1024x681.jpg 1024w, https:\/\/blumenwerk-rm.ch\/wp-content\/uploads\/2021\/07\/in-ordner-hochzeit-1-1200x798.jpg 1200w, https:\/\/blumenwerk-rm.ch\/wp-content\/uploads\/2021\/07\/in-ordner-hochzeit-1-1536x1022.jpg 1536w, https:\/\/blumenwerk-rm.ch\/wp-content\/uploads\/2021\/07\/in-ordner-hochzeit-1-scaled.jpg 2560w\" data-sizes=\"auto\" \/><\/a><\/div><\/div><\/div><div class=\"swiper-slide\"><div class=\"fusion-carousel-item-wrapper\"><div class=\"fusion-image-wrapper hover-type-none\"><a data-rel=\"iLightbox[image_carousel_1]\" data-title=\"in ordner Hochzeit (5)\" aria-label=\"in ordner Hochzeit (5)\" href=\"https:\/\/blumenwerk-rm.ch\/wp-content\/uploads\/2021\/07\/in-ordner-Hochzeit-5-1-scaled.jpg\" target=\"_self\"><img decoding=\"async\" width=\"2560\" height=\"1704\" src=\"https:\/\/blumenwerk-rm.ch\/wp-content\/uploads\/2021\/07\/in-ordner-Hochzeit-5-1-scaled.jpg\" class=\"attachment-full size-full lazyload\" alt=\"\" srcset=\"data:image\/svg+xml,%3Csvg%20xmlns%3D%27http%3A%2F%2Fwww.w3.org%2F2000%2Fsvg%27%20width%3D%272560%27%20height%3D%271704%27%20viewBox%3D%270%200%202560%201704%27%3E%3Crect%20width%3D%272560%27%20height%3D%271704%27%20fill-opacity%3D%220%22%2F%3E%3C%2Fsvg%3E\" data-orig-src=\"https:\/\/blumenwerk-rm.ch\/wp-content\/uploads\/2021\/07\/in-ordner-Hochzeit-5-1-scaled.jpg\" data-srcset=\"https:\/\/blumenwerk-rm.ch\/wp-content\/uploads\/2021\/07\/in-ordner-Hochzeit-5-1-200x133.jpg 200w, https:\/\/blumenwerk-rm.ch\/wp-content\/uploads\/2021\/07\/in-ordner-Hochzeit-5-1-300x200.jpg 300w, https:\/\/blumenwerk-rm.ch\/wp-content\/uploads\/2021\/07\/in-ordner-Hochzeit-5-1-400x266.jpg 400w, https:\/\/blumenwerk-rm.ch\/wp-content\/uploads\/2021\/07\/in-ordner-Hochzeit-5-1-600x399.jpg 600w, https:\/\/blumenwerk-rm.ch\/wp-content\/uploads\/2021\/07\/in-ordner-Hochzeit-5-1-768x511.jpg 768w, https:\/\/blumenwerk-rm.ch\/wp-content\/uploads\/2021\/07\/in-ordner-Hochzeit-5-1-800x532.jpg 800w, https:\/\/blumenwerk-rm.ch\/wp-content\/uploads\/2021\/07\/in-ordner-Hochzeit-5-1-1024x681.jpg 1024w, https:\/\/blumenwerk-rm.ch\/wp-content\/uploads\/2021\/07\/in-ordner-Hochzeit-5-1-1200x799.jpg 1200w, https:\/\/blumenwerk-rm.ch\/wp-content\/uploads\/2021\/07\/in-ordner-Hochzeit-5-1-1536x1022.jpg 1536w, https:\/\/blumenwerk-rm.ch\/wp-content\/uploads\/2021\/07\/in-ordner-Hochzeit-5-1-scaled.jpg 2560w\" data-sizes=\"auto\" \/><\/a><\/div><\/div><\/div><div class=\"swiper-slide\"><div class=\"fusion-carousel-item-wrapper\"><div class=\"fusion-image-wrapper hover-type-none\"><a data-rel=\"iLightbox[image_carousel_1]\" data-title=\"in ordner hochzeit (4)\" aria-label=\"in ordner hochzeit (4)\" href=\"https:\/\/blumenwerk-rm.ch\/wp-content\/uploads\/2021\/07\/in-ordner-hochzeit-4-1-scaled.jpg\" target=\"_self\"><img decoding=\"async\" width=\"1704\" height=\"2560\" src=\"https:\/\/blumenwerk-rm.ch\/wp-content\/uploads\/2021\/07\/in-ordner-hochzeit-4-1-scaled.jpg\" class=\"attachment-full size-full lazyload\" alt=\"\" srcset=\"data:image\/svg+xml,%3Csvg%20xmlns%3D%27http%3A%2F%2Fwww.w3.org%2F2000%2Fsvg%27%20width%3D%271704%27%20height%3D%272560%27%20viewBox%3D%270%200%201704%202560%27%3E%3Crect%20width%3D%271704%27%20height%3D%272560%27%20fill-opacity%3D%220%22%2F%3E%3C%2Fsvg%3E\" data-orig-src=\"https:\/\/blumenwerk-rm.ch\/wp-content\/uploads\/2021\/07\/in-ordner-hochzeit-4-1-scaled.jpg\" data-srcset=\"https:\/\/blumenwerk-rm.ch\/wp-content\/uploads\/2021\/07\/in-ordner-hochzeit-4-1-200x301.jpg 200w, https:\/\/blumenwerk-rm.ch\/wp-content\/uploads\/2021\/07\/in-ordner-hochzeit-4-1-400x601.jpg 400w, https:\/\/blumenwerk-rm.ch\/wp-content\/uploads\/2021\/07\/in-ordner-hochzeit-4-1-600x902.jpg 600w, https:\/\/blumenwerk-rm.ch\/wp-content\/uploads\/2021\/07\/in-ordner-hochzeit-4-1-681x1024.jpg 681w, https:\/\/blumenwerk-rm.ch\/wp-content\/uploads\/2021\/07\/in-ordner-hochzeit-4-1-768x1154.jpg 768w, https:\/\/blumenwerk-rm.ch\/wp-content\/uploads\/2021\/07\/in-ordner-hochzeit-4-1-800x1202.jpg 800w, https:\/\/blumenwerk-rm.ch\/wp-content\/uploads\/2021\/07\/in-ordner-hochzeit-4-1-1022x1536.jpg 1022w, https:\/\/blumenwerk-rm.ch\/wp-content\/uploads\/2021\/07\/in-ordner-hochzeit-4-1-1200x1803.jpg 1200w, https:\/\/blumenwerk-rm.ch\/wp-content\/uploads\/2021\/07\/in-ordner-hochzeit-4-1-1363x2048.jpg 1363w, https:\/\/blumenwerk-rm.ch\/wp-content\/uploads\/2021\/07\/in-ordner-hochzeit-4-1-scaled.jpg 1704w\" data-sizes=\"auto\" \/><\/a><\/div><\/div><\/div><div class=\"swiper-slide\"><div class=\"fusion-carousel-item-wrapper\"><div class=\"fusion-image-wrapper hover-type-none\"><a data-rel=\"iLightbox[image_carousel_1]\" data-title=\"in ordner hochzeit (3)\" aria-label=\"in ordner hochzeit (3)\" href=\"https:\/\/blumenwerk-rm.ch\/wp-content\/uploads\/2021\/07\/in-ordner-hochzeit-3-1-scaled.jpg\" target=\"_self\"><img decoding=\"async\" width=\"1703\" height=\"2560\" src=\"https:\/\/blumenwerk-rm.ch\/wp-content\/uploads\/2021\/07\/in-ordner-hochzeit-3-1-scaled.jpg\" class=\"attachment-full size-full lazyload\" alt=\"\" srcset=\"data:image\/svg+xml,%3Csvg%20xmlns%3D%27http%3A%2F%2Fwww.w3.org%2F2000%2Fsvg%27%20width%3D%271703%27%20height%3D%272560%27%20viewBox%3D%270%200%201703%202560%27%3E%3Crect%20width%3D%271703%27%20height%3D%272560%27%20fill-opacity%3D%220%22%2F%3E%3C%2Fsvg%3E\" data-orig-src=\"https:\/\/blumenwerk-rm.ch\/wp-content\/uploads\/2021\/07\/in-ordner-hochzeit-3-1-scaled.jpg\" data-srcset=\"https:\/\/blumenwerk-rm.ch\/wp-content\/uploads\/2021\/07\/in-ordner-hochzeit-3-1-200x301.jpg 200w, https:\/\/blumenwerk-rm.ch\/wp-content\/uploads\/2021\/07\/in-ordner-hochzeit-3-1-400x601.jpg 400w, https:\/\/blumenwerk-rm.ch\/wp-content\/uploads\/2021\/07\/in-ordner-hochzeit-3-1-600x902.jpg 600w, https:\/\/blumenwerk-rm.ch\/wp-content\/uploads\/2021\/07\/in-ordner-hochzeit-3-1-681x1024.jpg 681w, https:\/\/blumenwerk-rm.ch\/wp-content\/uploads\/2021\/07\/in-ordner-hochzeit-3-1-768x1154.jpg 768w, https:\/\/blumenwerk-rm.ch\/wp-content\/uploads\/2021\/07\/in-ordner-hochzeit-3-1-800x1202.jpg 800w, https:\/\/blumenwerk-rm.ch\/wp-content\/uploads\/2021\/07\/in-ordner-hochzeit-3-1-1022x1536.jpg 1022w, https:\/\/blumenwerk-rm.ch\/wp-content\/uploads\/2021\/07\/in-ordner-hochzeit-3-1-1200x1803.jpg 1200w, https:\/\/blumenwerk-rm.ch\/wp-content\/uploads\/2021\/07\/in-ordner-hochzeit-3-1-1363x2048.jpg 1363w, https:\/\/blumenwerk-rm.ch\/wp-content\/uploads\/2021\/07\/in-ordner-hochzeit-3-1-scaled.jpg 1703w\" data-sizes=\"auto\" \/><\/a><\/div><\/div><\/div><div class=\"swiper-slide\"><div class=\"fusion-carousel-item-wrapper\"><div class=\"fusion-image-wrapper hover-type-none\"><a data-rel=\"iLightbox[image_carousel_1]\" data-title=\"IMG_9896\" aria-label=\"IMG_9896\" href=\"https:\/\/blumenwerk-rm.ch\/wp-content\/uploads\/2021\/12\/IMG_9896-scaled.jpg\" target=\"_self\"><img decoding=\"async\" width=\"2560\" height=\"1794\" src=\"https:\/\/blumenwerk-rm.ch\/wp-content\/uploads\/2021\/12\/IMG_9896-scaled.jpg\" class=\"attachment-full size-full lazyload\" alt=\"\" srcset=\"data:image\/svg+xml,%3Csvg%20xmlns%3D%27http%3A%2F%2Fwww.w3.org%2F2000%2Fsvg%27%20width%3D%272560%27%20height%3D%271794%27%20viewBox%3D%270%200%202560%201794%27%3E%3Crect%20width%3D%272560%27%20height%3D%271794%27%20fill-opacity%3D%220%22%2F%3E%3C%2Fsvg%3E\" data-orig-src=\"https:\/\/blumenwerk-rm.ch\/wp-content\/uploads\/2021\/12\/IMG_9896-scaled.jpg\" data-srcset=\"https:\/\/blumenwerk-rm.ch\/wp-content\/uploads\/2021\/12\/IMG_9896-200x140.jpg 200w, https:\/\/blumenwerk-rm.ch\/wp-content\/uploads\/2021\/12\/IMG_9896-300x210.jpg 300w, https:\/\/blumenwerk-rm.ch\/wp-content\/uploads\/2021\/12\/IMG_9896-400x280.jpg 400w, https:\/\/blumenwerk-rm.ch\/wp-content\/uploads\/2021\/12\/IMG_9896-600x420.jpg 600w, https:\/\/blumenwerk-rm.ch\/wp-content\/uploads\/2021\/12\/IMG_9896-768x538.jpg 768w, https:\/\/blumenwerk-rm.ch\/wp-content\/uploads\/2021\/12\/IMG_9896-800x560.jpg 800w, https:\/\/blumenwerk-rm.ch\/wp-content\/uploads\/2021\/12\/IMG_9896-1024x717.jpg 1024w, https:\/\/blumenwerk-rm.ch\/wp-content\/uploads\/2021\/12\/IMG_9896-1200x841.jpg 1200w, https:\/\/blumenwerk-rm.ch\/wp-content\/uploads\/2021\/12\/IMG_9896-1536x1076.jpg 1536w, https:\/\/blumenwerk-rm.ch\/wp-content\/uploads\/2021\/12\/IMG_9896-scaled.jpg 2560w\" data-sizes=\"auto\" \/><\/a><\/div><\/div><\/div><div class=\"swiper-slide\"><div class=\"fusion-carousel-item-wrapper\"><div class=\"fusion-image-wrapper hover-type-none\"><a data-rel=\"iLightbox[image_carousel_1]\" data-title=\"IMG_9895\" aria-label=\"IMG_9895\" href=\"https:\/\/blumenwerk-rm.ch\/wp-content\/uploads\/2021\/12\/IMG_9895-scaled.jpg\" target=\"_self\"><img decoding=\"async\" width=\"2560\" height=\"1707\" src=\"https:\/\/blumenwerk-rm.ch\/wp-content\/uploads\/2021\/12\/IMG_9895-scaled.jpg\" class=\"attachment-full size-full lazyload\" alt=\"\" srcset=\"data:image\/svg+xml,%3Csvg%20xmlns%3D%27http%3A%2F%2Fwww.w3.org%2F2000%2Fsvg%27%20width%3D%272560%27%20height%3D%271707%27%20viewBox%3D%270%200%202560%201707%27%3E%3Crect%20width%3D%272560%27%20height%3D%271707%27%20fill-opacity%3D%220%22%2F%3E%3C%2Fsvg%3E\" data-orig-src=\"https:\/\/blumenwerk-rm.ch\/wp-content\/uploads\/2021\/12\/IMG_9895-scaled.jpg\" data-srcset=\"https:\/\/blumenwerk-rm.ch\/wp-content\/uploads\/2021\/12\/IMG_9895-200x133.jpg 200w, https:\/\/blumenwerk-rm.ch\/wp-content\/uploads\/2021\/12\/IMG_9895-300x200.jpg 300w, https:\/\/blumenwerk-rm.ch\/wp-content\/uploads\/2021\/12\/IMG_9895-400x267.jpg 400w, https:\/\/blumenwerk-rm.ch\/wp-content\/uploads\/2021\/12\/IMG_9895-600x400.jpg 600w, https:\/\/blumenwerk-rm.ch\/wp-content\/uploads\/2021\/12\/IMG_9895-768x512.jpg 768w, https:\/\/blumenwerk-rm.ch\/wp-content\/uploads\/2021\/12\/IMG_9895-800x534.jpg 800w, https:\/\/blumenwerk-rm.ch\/wp-content\/uploads\/2021\/12\/IMG_9895-1024x683.jpg 1024w, https:\/\/blumenwerk-rm.ch\/wp-content\/uploads\/2021\/12\/IMG_9895-1200x800.jpg 1200w, https:\/\/blumenwerk-rm.ch\/wp-content\/uploads\/2021\/12\/IMG_9895-1536x1024.jpg 1536w, https:\/\/blumenwerk-rm.ch\/wp-content\/uploads\/2021\/12\/IMG_9895-scaled.jpg 2560w\" data-sizes=\"auto\" \/><\/a><\/div><\/div><\/div><div class=\"swiper-slide\"><div class=\"fusion-carousel-item-wrapper\"><div class=\"fusion-image-wrapper hover-type-none\"><a data-rel=\"iLightbox[image_carousel_1]\" data-title=\"IMG_9894\" aria-label=\"IMG_9894\" href=\"https:\/\/blumenwerk-rm.ch\/wp-content\/uploads\/2021\/12\/IMG_9894-scaled.jpg\" target=\"_self\"><img decoding=\"async\" width=\"2560\" height=\"1643\" src=\"https:\/\/blumenwerk-rm.ch\/wp-content\/uploads\/2021\/12\/IMG_9894-scaled.jpg\" class=\"attachment-full size-full lazyload\" alt=\"\" srcset=\"data:image\/svg+xml,%3Csvg%20xmlns%3D%27http%3A%2F%2Fwww.w3.org%2F2000%2Fsvg%27%20width%3D%272560%27%20height%3D%271643%27%20viewBox%3D%270%200%202560%201643%27%3E%3Crect%20width%3D%272560%27%20height%3D%271643%27%20fill-opacity%3D%220%22%2F%3E%3C%2Fsvg%3E\" data-orig-src=\"https:\/\/blumenwerk-rm.ch\/wp-content\/uploads\/2021\/12\/IMG_9894-scaled.jpg\" data-srcset=\"https:\/\/blumenwerk-rm.ch\/wp-content\/uploads\/2021\/12\/IMG_9894-200x128.jpg 200w, https:\/\/blumenwerk-rm.ch\/wp-content\/uploads\/2021\/12\/IMG_9894-300x193.jpg 300w, https:\/\/blumenwerk-rm.ch\/wp-content\/uploads\/2021\/12\/IMG_9894-400x257.jpg 400w, https:\/\/blumenwerk-rm.ch\/wp-content\/uploads\/2021\/12\/IMG_9894-460x295.jpg 460w, https:\/\/blumenwerk-rm.ch\/wp-content\/uploads\/2021\/12\/IMG_9894-600x385.jpg 600w, https:\/\/blumenwerk-rm.ch\/wp-content\/uploads\/2021\/12\/IMG_9894-768x493.jpg 768w, https:\/\/blumenwerk-rm.ch\/wp-content\/uploads\/2021\/12\/IMG_9894-800x513.jpg 800w, https:\/\/blumenwerk-rm.ch\/wp-content\/uploads\/2021\/12\/IMG_9894-1024x657.jpg 1024w, https:\/\/blumenwerk-rm.ch\/wp-content\/uploads\/2021\/12\/IMG_9894-1200x770.jpg 1200w, https:\/\/blumenwerk-rm.ch\/wp-content\/uploads\/2021\/12\/IMG_9894-1536x986.jpg 1536w, https:\/\/blumenwerk-rm.ch\/wp-content\/uploads\/2021\/12\/IMG_9894-scaled.jpg 2560w\" data-sizes=\"auto\" \/><\/a><\/div><\/div><\/div><div class=\"swiper-slide\"><div class=\"fusion-carousel-item-wrapper\"><div class=\"fusion-image-wrapper hover-type-none\"><a data-rel=\"iLightbox[image_carousel_1]\" data-title=\"IMG_9893\" aria-label=\"IMG_9893\" href=\"https:\/\/blumenwerk-rm.ch\/wp-content\/uploads\/2021\/12\/IMG_9893-scaled.jpg\" target=\"_self\"><img decoding=\"async\" width=\"2560\" height=\"1682\" src=\"https:\/\/blumenwerk-rm.ch\/wp-content\/uploads\/2021\/12\/IMG_9893-scaled.jpg\" class=\"attachment-full size-full lazyload\" alt=\"\" srcset=\"data:image\/svg+xml,%3Csvg%20xmlns%3D%27http%3A%2F%2Fwww.w3.org%2F2000%2Fsvg%27%20width%3D%272560%27%20height%3D%271682%27%20viewBox%3D%270%200%202560%201682%27%3E%3Crect%20width%3D%272560%27%20height%3D%271682%27%20fill-opacity%3D%220%22%2F%3E%3C%2Fsvg%3E\" data-orig-src=\"https:\/\/blumenwerk-rm.ch\/wp-content\/uploads\/2021\/12\/IMG_9893-scaled.jpg\" data-srcset=\"https:\/\/blumenwerk-rm.ch\/wp-content\/uploads\/2021\/12\/IMG_9893-200x131.jpg 200w, https:\/\/blumenwerk-rm.ch\/wp-content\/uploads\/2021\/12\/IMG_9893-300x197.jpg 300w, https:\/\/blumenwerk-rm.ch\/wp-content\/uploads\/2021\/12\/IMG_9893-400x263.jpg 400w, https:\/\/blumenwerk-rm.ch\/wp-content\/uploads\/2021\/12\/IMG_9893-600x394.jpg 600w, https:\/\/blumenwerk-rm.ch\/wp-content\/uploads\/2021\/12\/IMG_9893-768x505.jpg 768w, https:\/\/blumenwerk-rm.ch\/wp-content\/uploads\/2021\/12\/IMG_9893-800x526.jpg 800w, https:\/\/blumenwerk-rm.ch\/wp-content\/uploads\/2021\/12\/IMG_9893-1024x673.jpg 1024w, https:\/\/blumenwerk-rm.ch\/wp-content\/uploads\/2021\/12\/IMG_9893-1200x789.jpg 1200w, https:\/\/blumenwerk-rm.ch\/wp-content\/uploads\/2021\/12\/IMG_9893-1536x1009.jpg 1536w, https:\/\/blumenwerk-rm.ch\/wp-content\/uploads\/2021\/12\/IMG_9893-scaled.jpg 2560w\" data-sizes=\"auto\" \/><\/a><\/div><\/div><\/div><div class=\"swiper-slide\"><div class=\"fusion-carousel-item-wrapper\"><div class=\"fusion-image-wrapper hover-type-none\"><a data-rel=\"iLightbox[image_carousel_1]\" data-title=\"IMG_9901\" aria-label=\"IMG_9901\" href=\"https:\/\/blumenwerk-rm.ch\/wp-content\/uploads\/2021\/12\/IMG_9901.jpg\" target=\"_self\"><img decoding=\"async\" width=\"5304\" height=\"7952\" src=\"https:\/\/blumenwerk-rm.ch\/wp-content\/uploads\/2021\/12\/IMG_9901.jpg\" class=\"attachment-full size-full lazyload\" alt=\"\" srcset=\"data:image\/svg+xml,%3Csvg%20xmlns%3D%27http%3A%2F%2Fwww.w3.org%2F2000%2Fsvg%27%20width%3D%275304%27%20height%3D%277952%27%20viewBox%3D%270%200%205304%207952%27%3E%3Crect%20width%3D%275304%27%20height%3D%277952%27%20fill-opacity%3D%220%22%2F%3E%3C%2Fsvg%3E\" data-orig-src=\"https:\/\/blumenwerk-rm.ch\/wp-content\/uploads\/2021\/12\/IMG_9901.jpg\" data-srcset=\"https:\/\/blumenwerk-rm.ch\/wp-content\/uploads\/2021\/12\/IMG_9901-200x300.jpg 200w, https:\/\/blumenwerk-rm.ch\/wp-content\/uploads\/2021\/12\/IMG_9901-400x600.jpg 400w, https:\/\/blumenwerk-rm.ch\/wp-content\/uploads\/2021\/12\/IMG_9901-600x900.jpg 600w, https:\/\/blumenwerk-rm.ch\/wp-content\/uploads\/2021\/12\/IMG_9901-683x1024.jpg 683w, https:\/\/blumenwerk-rm.ch\/wp-content\/uploads\/2021\/12\/IMG_9901-768x1151.jpg 768w, https:\/\/blumenwerk-rm.ch\/wp-content\/uploads\/2021\/12\/IMG_9901-800x1199.jpg 800w, https:\/\/blumenwerk-rm.ch\/wp-content\/uploads\/2021\/12\/IMG_9901-1025x1536.jpg 1025w, https:\/\/blumenwerk-rm.ch\/wp-content\/uploads\/2021\/12\/IMG_9901.jpg 5304w\" data-sizes=\"auto\" \/><\/a><\/div><\/div><\/div><\/div><div class=\"awb-swiper-button awb-swiper-button-prev\"><i class=\"awb-icon-angle-left\" aria-hidden=\"true\"><\/i><\/div><div class=\"awb-swiper-button awb-swiper-button-next\"><i class=\"awb-icon-angle-right\" aria-hidden=\"true\"><\/i><\/div><\/div><\/div><\/div><\/div><\/div><\/div>\n","protected":false},"excerpt":{"rendered":"","protected":false},"author":2,"featured_media":0,"parent":2612,"menu_order":0,"comment_status":"closed","ping_status":"closed","template":"100-width.php","meta":{"footnotes":""},"class_list":["post-3620","page","type-page","status-publish","hentry"],"_links":{"self":[{"href":"https:\/\/blumenwerk-rm.ch\/index.php?rest_route=\/wp\/v2\/pages\/3620","targetHints":{"allow":["GET"]}}],"collection":[{"href":"https:\/\/blumenwerk-rm.ch\/index.php?rest_route=\/wp\/v2\/pages"}],"about":[{"href":"https:\/\/blumenwerk-rm.ch\/index.php?rest_route=\/wp\/v2\/types\/page"}],"author":[{"embeddable":true,"href":"https:\/\/blumenwerk-rm.ch\/index.php?rest_route=\/wp\/v2\/users\/2"}],"replies":[{"embeddable":true,"href":"https:\/\/blumenwerk-rm.ch\/index.php?rest_route=%2Fwp%2Fv2%2Fcomments&post=3620"}],"version-history":[{"count":84,"href":"https:\/\/blumenwerk-rm.ch\/index.php?rest_route=\/wp\/v2\/pages\/3620\/revisions"}],"predecessor-version":[{"id":4309,"href":"https:\/\/blumenwerk-rm.ch\/index.php?rest_route=\/wp\/v2\/pages\/3620\/revisions\/4309"}],"up":[{"embeddable":true,"href":"https:\/\/blumenwerk-rm.ch\/index.php?rest_route=\/wp\/v2\/pages\/2612"}],"wp:attachment":[{"href":"https:\/\/blumenwerk-rm.ch\/index.php?rest_route=%2Fwp%2Fv2%2Fmedia&parent=3620"}],"curies":[{"name":"wp","href":"https:\/\/api.w.org\/{rel}","templated":true}]}}